{"id":16,"date":"2023-06-25T10:24:36","date_gmt":"2023-06-25T10:24:36","guid":{"rendered":"https:\/\/hitehclassic.com\/?page_id=16"},"modified":"2023-06-26T09:40:48","modified_gmt":"2023-06-26T09:40:48","slug":"about","status":"publish","type":"page","link":"https:\/\/hitehclassic.com\/et\/about\/","title":{"rendered":"Meist"},"content":{"rendered":"<div class=\"wp-block-cover alignfull\" style=\"min-height:600px;aspect-ratio:unset;\"><span aria-hidden=\"true\" class=\"wp-block-cover__background has-nv-site-bg-background-color has-background-dim-100 has-background-dim\"><\/span><div class=\"wp-block-cover__inner-container is-layout-flow wp-block-cover-is-layout-flow\">\n<div class=\"wp-block-group\"><div class=\"wp-block-group__inner-container is-layout-flow wp-block-group-is-layout-flow\">\n<div style=\"height:80px\" aria-hidden=\"true\" class=\"wp-block-spacer\"><\/div>\n\n\n\n<div class=\"wp-block-columns are-vertically-aligned-center is-layout-flex wp-container-core-columns-is-layout-9d6595d7 wp-block-columns-is-layout-flex\">\n<div class=\"wp-block-column is-vertically-aligned-center is-layout-flow wp-block-column-is-layout-flow\" style=\"flex-basis:50%\">\n<figure class=\"wp-block-image size-large\"><img fetchpriority=\"high\" decoding=\"async\" width=\"683\" height=\"1024\" src=\"https:\/\/hitehclassic.com\/wp-content\/uploads\/2023\/06\/DSF6135-683x1024.jpg\" alt=\"\" class=\"wp-image-67\" srcset=\"https:\/\/hitehclassic.com\/wp-content\/uploads\/2023\/06\/DSF6135-683x1024.jpg 683w, https:\/\/hitehclassic.com\/wp-content\/uploads\/2023\/06\/DSF6135-200x300.jpg 200w, https:\/\/hitehclassic.com\/wp-content\/uploads\/2023\/06\/DSF6135-768x1152.jpg 768w, https:\/\/hitehclassic.com\/wp-content\/uploads\/2023\/06\/DSF6135-1024x1536.jpg 1024w, https:\/\/hitehclassic.com\/wp-content\/uploads\/2023\/06\/DSF6135-1365x2048.jpg 1365w, https:\/\/hitehclassic.com\/wp-content\/uploads\/2023\/06\/DSF6135-scaled.jpg 1707w\" sizes=\"(max-width: 683px) 100vw, 683px\" \/><\/figure>\n<\/div>\n\n\n\n<div class=\"wp-block-column is-vertically-aligned-center is-layout-flow wp-block-column-is-layout-flow\" style=\"flex-basis:50%\">\n<h2 class=\"wp-block-heading has-text-align-center has-neve-text-color-color has-text-color\">Meie lugu<\/h2>\n\n\n\n<p class=\"has-text-align-center has-neve-text-color-color has-text-color\"><br>Toomas Kriisa, t\u00f6\u00f6koja omanik:<\/p>\n\n\n\n<p class=\"has-text-align-center has-neve-text-color-color has-text-color\">\"Minu isal oli N\u00f5mmel garaa\u017e, mis oli \u00fchendatud meie majaga. Seal ta parandas vanu N\u00f5ukogude autosid. Kui ma vanemaks sain, kasvas ka minu huvi autode vastu. Olles noor poiss, tahtsin loomulikult autot, mis oleks kiire, kuid tol ajal polnud midagi head saada. See sundis meid ehitama v\u00f5idus\u00f5idumootoreid VAZ-autodele, millega ma tollal ka v\u00f5istlema hakkasin.<\/p>\n\n\n\n<p class=\"has-text-align-center has-neve-text-color-color has-text-color\">Aja jooksul kujunes meile hea maine mis hakkas meelitama ka kliente, kes olid huvitatud mitte ainult mehaanilistest remontidest, vaid ka keret\u00f6\u00f6dest. See viis l\u00f5puks meie esimeste taastamisprojektideni, mis sillutas ka kogu meie edasise tulevikutee.<\/p>\n\n\n\n<p class=\"has-text-align-center has-neve-text-color-color has-text-color\">T\u00e4naseks oleme t\u00e4ielikult taastanud juba \u00fcle kahek\u00fcmne auto. Tegutseme Sauel, Harjumaa piirkonnas, kus asub meie t\u00e4ielikult funktsionaalne kolme osakonnaga t\u00f6\u00f6koda mis koosneb kuuest k\u00f5rgelt kvalifitseeritud ning motiveeritud spetsialistist.\"<\/p>\n\n\n\n<p class=\"has-neve-text-color-color has-text-color\"><br><br><\/p>\n<\/div>\n<\/div>\n\n\n\n<div style=\"height:40px\" aria-hidden=\"true\" class=\"wp-block-spacer\"><\/div>\n<\/div><\/div>\n<\/div><\/div>","protected":false},"excerpt":{"rendered":"","protected":false},"author":1,"featured_media":0,"parent":0,"menu_order":0,"comment_status":"closed","ping_status":"closed","template":"","meta":{"neve_meta_sidebar":"","neve_meta_container":"","neve_meta_enable_content_width":"on","neve_meta_content_width":100,"neve_meta_title_alignment":"","neve_meta_author_avatar":"","neve_post_elements_order":"","neve_meta_disable_header":"","neve_meta_disable_footer":"","neve_meta_disable_title":"on","footnotes":""},"class_list":["post-16","page","type-page","status-publish","hentry"],"_links":{"self":[{"href":"https:\/\/hitehclassic.com\/et\/wp-json\/wp\/v2\/pages\/16","targetHints":{"allow":["GET"]}}],"collection":[{"href":"https:\/\/hitehclassic.com\/et\/wp-json\/wp\/v2\/pages"}],"about":[{"href":"https:\/\/hitehclassic.com\/et\/wp-json\/wp\/v2\/types\/page"}],"author":[{"embeddable":true,"href":"https:\/\/hitehclassic.com\/et\/wp-json\/wp\/v2\/users\/1"}],"replies":[{"embeddable":true,"href":"https:\/\/hitehclassic.com\/et\/wp-json\/wp\/v2\/comments?post=16"}],"version-history":[{"count":15,"href":"https:\/\/hitehclassic.com\/et\/wp-json\/wp\/v2\/pages\/16\/revisions"}],"predecessor-version":[{"id":191,"href":"https:\/\/hitehclassic.com\/et\/wp-json\/wp\/v2\/pages\/16\/revisions\/191"}],"wp:attachment":[{"href":"https:\/\/hitehclassic.com\/et\/wp-json\/wp\/v2\/media?parent=16"}],"curies":[{"name":"wp","href":"https:\/\/api.w.org\/{rel}","templated":true}]}}