{"id":15,"date":"2023-06-25T10:24:36","date_gmt":"2023-06-25T10:24:36","guid":{"rendered":"https:\/\/hitehclassic.com\/?page_id=15"},"modified":"2023-12-01T16:20:43","modified_gmt":"2023-12-01T16:20:43","slug":"home","status":"publish","type":"page","link":"https:\/\/hitehclassic.com\/et\/","title":{"rendered":"Home"},"content":{"rendered":"<div class=\"wp-block-cover alignfull is-light\" style=\"min-height:700px;aspect-ratio:unset;\"><span aria-hidden=\"true\" class=\"wp-block-cover__background has-background-dim-0 has-background-dim\"><\/span><img fetchpriority=\"high\" decoding=\"async\" width=\"2560\" height=\"1706\" class=\"wp-block-cover__image-background wp-image-42\" alt=\"\" src=\"https:\/\/hitehclassic.com\/wp-content\/uploads\/2023\/06\/DSF6158-scaled.jpg\" style=\"object-position:50% 60%\" data-object-fit=\"cover\" data-object-position=\"50% 60%\" srcset=\"https:\/\/hitehclassic.com\/wp-content\/uploads\/2023\/06\/DSF6158-scaled.jpg 2560w, https:\/\/hitehclassic.com\/wp-content\/uploads\/2023\/06\/DSF6158-300x200.jpg 300w, https:\/\/hitehclassic.com\/wp-content\/uploads\/2023\/06\/DSF6158-1024x683.jpg 1024w, https:\/\/hitehclassic.com\/wp-content\/uploads\/2023\/06\/DSF6158-768x512.jpg 768w, https:\/\/hitehclassic.com\/wp-content\/uploads\/2023\/06\/DSF6158-1536x1024.jpg 1536w, https:\/\/hitehclassic.com\/wp-content\/uploads\/2023\/06\/DSF6158-2048x1365.jpg 2048w, https:\/\/hitehclassic.com\/wp-content\/uploads\/2023\/06\/DSF6158-930x620.jpg 930w\" sizes=\"(max-width: 2560px) 100vw, 2560px\" \/><div class=\"wp-block-cover__inner-container is-layout-flow wp-block-cover-is-layout-flow\">\n<h1 class=\"wp-block-heading has-text-align-center has-text-color has-large-font-size\" style=\"color:#424141\">KLASSIKALISTE AUTODE RESTAUREERIMISE T\u00d6\u00d6KODA<\/h1>\n\n\n\n<p class=\"has-text-align-center\">Asume P\u00e4rnasalu 31, Saue, Harjumaal<\/p>\n\n\n\n<div style=\"height:10px\" aria-hidden=\"true\" class=\"wp-block-spacer\"><\/div>\n\n\n\n<div class=\"wp-block-buttons is-content-justification-center is-layout-flex wp-container-core-buttons-is-layout-16018d1d wp-block-buttons-is-layout-flex\">\n<div class=\"wp-block-button is-style-secondary\"><a class=\"wp-block-button__link has-text-color wp-element-button\" href=\"https:\/\/hitehclassic.com\/et\/contact\/\" style=\"color:#424141\">V\u00d5TA MEIEGA \u00dcHENDUST<\/a><\/div>\n<\/div>\n\n\n\n<div style=\"height:80px\" aria-hidden=\"true\" class=\"wp-block-spacer\"><\/div>\n\n\n\n<div style=\"height:80px\" aria-hidden=\"true\" class=\"wp-block-spacer\"><\/div>\n\n\n\n<p><\/p>\n<\/div><\/div>\n\n\n\n<div style=\"height:80px\" aria-hidden=\"true\" class=\"wp-block-spacer\"><\/div>\n\n\n\n<div class=\"wp-block-cover alignfull\" style=\"min-height:600px;aspect-ratio:unset;\"><span aria-hidden=\"true\" class=\"wp-block-cover__background has-nv-site-bg-background-color has-background-dim-100 has-background-dim\"><\/span><div class=\"wp-block-cover__inner-container is-layout-flow wp-block-cover-is-layout-flow\">\n<div class=\"wp-block-group\"><div class=\"wp-block-group__inner-container is-layout-flow wp-block-group-is-layout-flow\">\n<div class=\"wp-block-columns are-vertically-aligned-center is-layout-flex wp-container-core-columns-is-layout-9d6595d7 wp-block-columns-is-layout-flex\">\n<div class=\"wp-block-column is-vertically-aligned-center is-layout-flow wp-block-column-is-layout-flow\" style=\"flex-basis:50%\">\n<figure class=\"wp-block-image size-large\"><img decoding=\"async\" width=\"683\" height=\"1024\" src=\"https:\/\/hitehclassic.com\/wp-content\/uploads\/2023\/06\/DSF6152-683x1024.jpg\" alt=\"\" class=\"wp-image-62\" srcset=\"https:\/\/hitehclassic.com\/wp-content\/uploads\/2023\/06\/DSF6152-683x1024.jpg 683w, https:\/\/hitehclassic.com\/wp-content\/uploads\/2023\/06\/DSF6152-200x300.jpg 200w, https:\/\/hitehclassic.com\/wp-content\/uploads\/2023\/06\/DSF6152-768x1152.jpg 768w, https:\/\/hitehclassic.com\/wp-content\/uploads\/2023\/06\/DSF6152-1024x1536.jpg 1024w, https:\/\/hitehclassic.com\/wp-content\/uploads\/2023\/06\/DSF6152-1365x2048.jpg 1365w, https:\/\/hitehclassic.com\/wp-content\/uploads\/2023\/06\/DSF6152-scaled.jpg 1707w\" sizes=\"(max-width: 683px) 100vw, 683px\" \/><\/figure>\n<\/div>\n\n\n\n<div class=\"wp-block-column is-vertically-aligned-center is-layout-flow wp-block-column-is-layout-flow\" style=\"flex-basis:50%\">\n<div style=\"height:20px\" aria-hidden=\"true\" class=\"wp-block-spacer\"><\/div>\n\n\n\n<h2 class=\"wp-block-heading has-text-align-center has-text-color\" style=\"color:#424141\">R\u00f5hume kvaliteedile<\/h2>\n\n\n\n<p class=\"has-text-align-center has-text-color\" style=\"color:#424141;font-size:17px\">\u00dcle kolmek\u00fcmne aasta pikkuse kogemusega on meie t\u00f6\u00f6koda loonud kinnisidee isegi k\u00f5ige v\u00e4iksemate detailide osas. Kui restaureeritud s\u00f5idukile mineva taastatud poldi tsingikvaliteet ei vasta meie standarditele, t\u00f6\u00f6deldakse see liivapritsiga ja tehakse uuesti. <\/p>\n<\/div>\n<\/div>\n\n\n\n<div style=\"height:40px\" aria-hidden=\"true\" class=\"wp-block-spacer\"><\/div>\n<\/div><\/div>\n<\/div><\/div>\n\n\n\n<div class=\"wp-block-columns is-layout-flex wp-container-core-columns-is-layout-9d6595d7 wp-block-columns-is-layout-flex\">\n<div class=\"wp-block-column is-layout-flow wp-block-column-is-layout-flow\"><div class=\"wp-block-image icon-style is-style-default\">\n<figure class=\"aligncenter is-resized\"><img decoding=\"async\" src=\"https:\/\/hitehclassic.com\/wp-content\/themes\/neve\/assets\/img\/starter-content\/icon-02.svg\" alt=\"\" style=\"width:48px;height:48px\" width=\"48\" height=\"48\"\/><\/figure>\n<\/div>\n\n\n<div style=\"height:20px\" aria-hidden=\"true\" class=\"wp-block-spacer\"><\/div>\n\n\n\n<h3 class=\"wp-block-heading has-text-align-center has-text-color\" style=\"color:#424141\">Kvaliteet<\/h3>\n\n\n\n<p class=\"has-text-align-center has-text-color\" style=\"color:#424141\">Eesm\u00e4rk on teha t\u00f6\u00f6d kvaliteediga, mida pakkus autotootja tehasest.<br><\/p>\n\n\n\n<div style=\"height:20px\" aria-hidden=\"true\" class=\"wp-block-spacer\"><\/div>\n<\/div>\n\n\n\n<div class=\"wp-block-column is-layout-flow wp-block-column-is-layout-flow\"><div class=\"wp-block-image icon-style is-style-rounded\">\n<figure class=\"aligncenter is-resized\"><img loading=\"lazy\" decoding=\"async\" src=\"https:\/\/hitehclassic.com\/wp-content\/themes\/neve\/assets\/img\/starter-content\/icon-01.svg\" alt=\"\" style=\"width:48px;height:48px\" width=\"48\" height=\"48\"\/><\/figure>\n<\/div>\n\n\n<div style=\"height:20px\" aria-hidden=\"true\" class=\"wp-block-spacer\"><\/div>\n\n\n\n<h3 class=\"wp-block-heading has-text-align-center has-text-color\" style=\"color:#424141\">Tulem<\/h3>\n\n\n\n<p class=\"has-text-align-center has-text-color\" style=\"color:#424141\">Meil taastatud autod, mis on vanemad kui 35 aastat, saavad garanteeritult vanas\u00f5idukile omase musta numbrim\u00e4rgi.<\/p>\n\n\n\n<div style=\"height:20px\" aria-hidden=\"true\" class=\"wp-block-spacer\"><\/div>\n<\/div>\n\n\n\n<div class=\"wp-block-column has-text-color is-layout-flow wp-block-column-is-layout-flow\" style=\"color:#424141\"><div class=\"wp-block-image icon-style is-style-default\">\n<figure class=\"aligncenter is-resized\"><img loading=\"lazy\" decoding=\"async\" src=\"https:\/\/hitehclassic.com\/wp-content\/themes\/neve\/assets\/img\/starter-content\/icon-03.svg\" alt=\"\" style=\"width:48px;height:48px\" width=\"48\" height=\"48\"\/><\/figure>\n<\/div>\n\n\n<div style=\"height:20px\" aria-hidden=\"true\" class=\"wp-block-spacer\"><\/div>\n\n\n\n<h3 class=\"wp-block-heading has-text-align-center has-text-color\" style=\"color:#424141\">Hind<\/h3>\n\n\n\n<p class=\"has-text-align-center has-text-color\" style=\"color:#424141\">Teenused algavad hinnaga<br>40 eur\/h.<\/p>\n\n\n\n<div style=\"height:20px\" aria-hidden=\"true\" class=\"wp-block-spacer\"><\/div>\n<\/div>\n<\/div>\n\n\n\n<div class=\"wp-block-cover alignfull\" style=\"min-height:600px;aspect-ratio:unset;\"><span aria-hidden=\"true\" class=\"wp-block-cover__background has-nv-site-bg-background-color has-background-dim-100 has-background-dim\"><\/span><div class=\"wp-block-cover__inner-container is-layout-flow wp-block-cover-is-layout-flow\">\n<div class=\"wp-block-group\"><div class=\"wp-block-group__inner-container is-layout-flow wp-block-group-is-layout-flow\">\n<div class=\"wp-block-columns are-vertically-aligned-center is-layout-flex wp-container-core-columns-is-layout-9d6595d7 wp-block-columns-is-layout-flex\">\n<div class=\"wp-block-column is-vertically-aligned-center is-layout-flow wp-block-column-is-layout-flow\" style=\"flex-basis:50%\">\n<h2 class=\"wp-block-heading has-text-align-center has-text-color\" style=\"color:#424141\">Taaselustame ka keerukaimad mootorid<\/h2>\n\n\n\n<p class=\"has-text-align-center has-text-color\" style=\"color:#424141;font-size:17px\">Me ei p\u00fchendu ainult keret\u00f6\u00f6dele. Meie vilunud mehaanikud suudavad ka 60ndate Mercedes-Benz mootori siidiselt k\u00e4ima panna.<\/p>\n\n\n\n<div style=\"height:40px\" aria-hidden=\"true\" class=\"wp-block-spacer\"><\/div>\n<\/div>\n\n\n\n<div class=\"wp-block-column is-vertically-aligned-center is-layout-flow wp-block-column-is-layout-flow\" style=\"flex-basis:50%\">\n<figure class=\"wp-block-image size-large\"><img loading=\"lazy\" decoding=\"async\" width=\"683\" height=\"1024\" src=\"https:\/\/hitehclassic.com\/wp-content\/uploads\/2023\/06\/DSF4899-683x1024.jpg\" alt=\"\" class=\"wp-image-64\" srcset=\"https:\/\/hitehclassic.com\/wp-content\/uploads\/2023\/06\/DSF4899-683x1024.jpg 683w, https:\/\/hitehclassic.com\/wp-content\/uploads\/2023\/06\/DSF4899-200x300.jpg 200w, https:\/\/hitehclassic.com\/wp-content\/uploads\/2023\/06\/DSF4899-768x1152.jpg 768w, https:\/\/hitehclassic.com\/wp-content\/uploads\/2023\/06\/DSF4899-1024x1536.jpg 1024w, https:\/\/hitehclassic.com\/wp-content\/uploads\/2023\/06\/DSF4899-1365x2048.jpg 1365w, https:\/\/hitehclassic.com\/wp-content\/uploads\/2023\/06\/DSF4899-scaled.jpg 1707w\" sizes=\"(max-width: 683px) 100vw, 683px\" \/><\/figure>\n<\/div>\n<\/div>\n\n\n\n<div style=\"height:40px\" aria-hidden=\"true\" class=\"wp-block-spacer\"><\/div>\n<\/div><\/div>\n<\/div><\/div>\n\n\n\n<div class=\"wp-block-cover alignfull\" style=\"min-height:300px;aspect-ratio:unset;\"><span aria-hidden=\"true\" class=\"wp-block-cover__background has-nv-dark-bg-background-color has-background-dim-100 has-background-dim\"><\/span><div class=\"wp-block-cover__inner-container is-layout-flow wp-block-cover-is-layout-flow\">\n<div style=\"height:140px\" aria-hidden=\"true\" class=\"wp-block-spacer\"><\/div>\n\n\n\n<h2 class=\"wp-block-heading has-text-align-center has-nv-text-dark-bg-color has-text-color\">T\u00f6\u00f6tame koos sinu tulevase <br>projektiga<\/h2>\n\n\n\n<p class=\"has-text-align-center has-medium-font-size\">V\u00f5ta meiega \u00fchendust ning hakkame ehitama!<\/p>\n\n\n\n<div class=\"wp-block-buttons is-content-justification-center is-layout-flex wp-container-core-buttons-is-layout-16018d1d wp-block-buttons-is-layout-flex\">\n<div class=\"wp-block-button is-style-default\"><a class=\"wp-block-button__link wp-element-button\" href=\"https:\/\/hitehclassic.com\/et\/contact\/\">V\u00d5TA MEIEGA \u00dcHENDUST<\/a><\/div>\n<\/div>\n\n\n\n<div style=\"height:140px\" aria-hidden=\"true\" class=\"wp-block-spacer\"><\/div>\n<\/div><\/div>","protected":false},"excerpt":{"rendered":"<p>Quality We aim our work to the standards of which the manufacturer originally did. Outcome Restored cars older than 35 years will have a guarantee of receiving a black number plate. Price Our services start from40 eur\/h.<\/p>","protected":false},"author":1,"featured_media":0,"parent":0,"menu_order":0,"comment_status":"closed","ping_status":"closed","template":"","meta":{"neve_meta_sidebar":"","neve_meta_container":"","neve_meta_enable_content_width":"on","neve_meta_content_width":100,"neve_meta_title_alignment":"","neve_meta_author_avatar":"","neve_post_elements_order":"","neve_meta_disable_header":"","neve_meta_disable_footer":"","neve_meta_disable_title":"on","footnotes":""},"class_list":["post-15","page","type-page","status-publish","hentry"],"_links":{"self":[{"href":"https:\/\/hitehclassic.com\/et\/wp-json\/wp\/v2\/pages\/15","targetHints":{"allow":["GET"]}}],"collection":[{"href":"https:\/\/hitehclassic.com\/et\/wp-json\/wp\/v2\/pages"}],"about":[{"href":"https:\/\/hitehclassic.com\/et\/wp-json\/wp\/v2\/types\/page"}],"author":[{"embeddable":true,"href":"https:\/\/hitehclassic.com\/et\/wp-json\/wp\/v2\/users\/1"}],"replies":[{"embeddable":true,"href":"https:\/\/hitehclassic.com\/et\/wp-json\/wp\/v2\/comments?post=15"}],"version-history":[{"count":38,"href":"https:\/\/hitehclassic.com\/et\/wp-json\/wp\/v2\/pages\/15\/revisions"}],"predecessor-version":[{"id":474,"href":"https:\/\/hitehclassic.com\/et\/wp-json\/wp\/v2\/pages\/15\/revisions\/474"}],"wp:attachment":[{"href":"https:\/\/hitehclassic.com\/et\/wp-json\/wp\/v2\/media?parent=15"}],"curies":[{"name":"wp","href":"https:\/\/api.w.org\/{rel}","templated":true}]}}